{"id":117,"date":"2024-08-31T19:27:45","date_gmt":"2024-08-31T17:27:45","guid":{"rendered":"https:\/\/ruoniai.lt\/?page_id=117"},"modified":"2024-08-31T19:54:55","modified_gmt":"2024-08-31T17:54:55","slug":"apie-ruonius","status":"publish","type":"page","link":"https:\/\/ruoniai.lt\/?page_id=117","title":{"rendered":"Apie Ruonius"},"content":{"rendered":"\n<p><strong>Triatlono ir plaukimo klubas &#8222;Ruoniai&#8221;<\/strong> yra vienas s\u0117kmingiausi\u0173 triatlono sporto klub\u0173 Lietuvoje. Klubas gars\u0117ja puikiais pasiekimais vaik\u0173 &#8211; jaunimo triatlono ir plaukimo srityse, puikia atmosfera bei profesionalumu.<\/p>\n\n\n\n<h3 class=\"wp-block-heading\">Klubo istorija ir vertyb\u0117s<\/h3>\n\n\n\n<p>Klubas &#8222;Ruoniai&#8221; yra \u017einomas d\u0117l savo sportin\u0117s patirties ir tradicij\u0173 bei nuolatinio tikslo tobul\u0117ti ir siekti sportini\u0173 auk\u0161tum\u0173. <\/p>\n\n\n\n<p>\u012ekurtas 2017 metais patyrusi\u0173 plaukik\u0173 ir treneri\u0173, klubas nuo pat prad\u017ei\u0173 tapo vienu i\u0161 stipriausiai augan\u010diu jaun\u0173j\u0173 triatloninink\u0173 klubu Lietuvoje ir jau pirmaisiais gyvavimo metais prad\u0117jo skinti pergales \u012fvairai\u0173 am\u017eiaus grupi\u0173 Lietuvos ir Baltic Cup \u010dempionatuose. Per pirmus 6 metus sugeb\u0117jo i\u0161ugdyti daugiau nei 10 Lietuvos triatlono \u010dempion\u0173 \u012fvairiose am\u017eiaus grup\u0117se.<\/p>\n\n\n\n<p>Ta\u010diau Covid laikotarpiu pasikeitus sportinei situacijai Lietuvoje, ir pagrindiniams klubo treneriams &#8211; K\u0119stu\u010diui Steponavi\u010diui ir Lukui Kontrimavi\u010diui &#8211; vis daugiau laiko praleid\u017eiant su Lietuvos plaukimo ir penkiakov\u0117s Nacionalin\u0117mis rinktin\u0117mis, tapo sunku i\u0161laikyti tiksling\u0105 klubo sportinink\u0173 pasiruo\u0161im\u0105. Tad nuo 2023 klubas oficialiai susijung\u0117 su BTT Cloud ir tapo did\u017eiausiu triatlono klubu Lietuvoje &#8211; <strong>BTT Best triathlon team<\/strong>. <br>Po pereinamojo laikotarpio nuo 2023 m. pabaigos su pagrindiniais klubo triatlono sportininkais s\u0117kmingai dirba ir bendradarbiauja pagrindinis triatlonink\u0173 treneris &#8211; Igor Kozlovskij. Atviro vandens plaukimo program\u0105 s\u0117kmingai puosel\u0117ja Jurgis \u0161eika. Profesionalaus plaukimo tradicijas toliau t\u0119sia K\u0119stutis Steponavi\u010dius. 2024 metais klubo atstovaujami sportininkai patenka tarp geriausi\u0173 \u0161alies triatlono ir plaukimo nacionalini\u0173 rinktini\u0173.<\/p>\n\n\n\n<p>Klubas siek\u0117 ugdyti ne tik fizines, bet ir asmenines sportinink\u0173 savybes. &#8222;Ruoni\u0173&#8221; bendruomen\u0117 yra pagr\u012fsta draugyste, tarpusavio pagalba ir siekiu tobul\u0117ti. &#8222;Ruoniai bendradarbiauja su \u012fvairiosim sporto organizacijomis ir specialistais, siekdami kuo profesionaliau \u012fgyvendinti u\u017esibr\u0117\u017etus Olimpinius tikslus.<\/p>\n\n\n\n<p><strong>Pagrindin\u0117s klubo vertyb\u0117s:<\/strong><\/p>\n\n\n\n<ul>\n<li><strong>Profesionalumas:<\/strong> Klubas si\u016blo auk\u0161tos kokyb\u0117s treniruotes, kurias veda patyr\u0119 treneriai.<\/li>\n\n\n\n<li><strong>Komandin\u0117 dvasia:<\/strong> &#8222;Ruoniai&#8221; skatina komandin\u012f darb\u0105 ir tarpusavio palaikym\u0105.<\/li>\n\n\n\n<li><strong>Tobul\u0117jimas:<\/strong> Klubo nariai nuolat siekia tobul\u0117ti ir kelti sau vis auk\u0161tesnius tikslus.<\/li>\n\n\n\n<li><strong>Olimpin\u0117 svajon\u0117: <\/strong>Klubo tikslas pad\u0117ti sportininkas pasiekti savo sporto auk\u0161tumas ir i\u0161ugdyti Olimpie\u010dius.<\/li>\n<\/ul>\n\n\n\n<h3 class=\"wp-block-heading\">Klubo veikla<\/h3>\n\n\n\n<p>&#8222;Ruoniai&#8221; si\u016blo plat\u0173 spektr\u0105 paslaug\u0173 tiek vaikams, tiek suaugusiems:<\/p>\n\n\n\n<ul>\n<li><strong>Plaukimo treniruot\u0117s:<\/strong> Nuo pradedan\u010di\u0173j\u0173 iki pa\u017eengusi\u0173 plaukik\u0173.<\/li>\n\n\n\n<li><strong>Triatlono treniruot\u0117s:<\/strong> Visapusi\u0161kas pasiruo\u0161imas triatlono var\u017eyboms.<\/li>\n\n\n\n<li><strong>Stovyklos:<\/strong> Vasaros stovyklos vaikams ir jaunimui, kuri\u0173 metu galima ne tik sportuoti, bet ir puikiai leisti laik\u0105.<\/li>\n\n\n\n<li><strong>Konsultacijos:<\/strong> Asmenin\u0117s konsultacijos su treneriais, padedan\u010dios pasiekti individualius tikslus.<\/li>\n<\/ul>\n\n\n\n<figure class=\"wp-block-gallery has-nested-images columns-default is-cropped wp-block-gallery-1 is-layout-flex wp-block-gallery-is-layout-flex\">\n<figure class=\"wp-block-image size-large\"><img loading=\"lazy\" decoding=\"async\" width=\"1024\" height=\"576\" data-id=\"118\" src=\"https:\/\/ruoniai.lt\/wp-content\/uploads\/2024\/07\/DSC_0332-1024x576.jpg\" alt=\"\" class=\"wp-image-118\" srcset=\"https:\/\/ruoniai.lt\/wp-content\/uploads\/2024\/07\/DSC_0332-1024x576.jpg 1024w, https:\/\/ruoniai.lt\/wp-content\/uploads\/2024\/07\/DSC_0332-300x169.jpg 300w, https:\/\/ruoniai.lt\/wp-content\/uploads\/2024\/07\/DSC_0332-768x432.jpg 768w, https:\/\/ruoniai.lt\/wp-content\/uploads\/2024\/07\/DSC_0332-1536x864.jpg 1536w, https:\/\/ruoniai.lt\/wp-content\/uploads\/2024\/07\/DSC_0332-2048x1152.jpg 2048w\" sizes=\"(max-width: 1024px) 100vw, 1024px\" \/><\/figure>\n\n\n\n<figure class=\"wp-block-image size-large\"><img loading=\"lazy\" decoding=\"async\" width=\"1024\" height=\"576\" data-id=\"119\" src=\"https:\/\/ruoniai.lt\/wp-content\/uploads\/2024\/07\/DSC_0587-1024x576.jpg\" alt=\"\" class=\"wp-image-119\" srcset=\"https:\/\/ruoniai.lt\/wp-content\/uploads\/2024\/07\/DSC_0587-1024x576.jpg 1024w, https:\/\/ruoniai.lt\/wp-content\/uploads\/2024\/07\/DSC_0587-300x169.jpg 300w, https:\/\/ruoniai.lt\/wp-content\/uploads\/2024\/07\/DSC_0587-768x432.jpg 768w, https:\/\/ruoniai.lt\/wp-content\/uploads\/2024\/07\/DSC_0587-1536x864.jpg 1536w, https:\/\/ruoniai.lt\/wp-content\/uploads\/2024\/07\/DSC_0587-2048x1152.jpg 2048w\" sizes=\"(max-width: 1024px) 100vw, 1024px\" \/><\/figure>\n\n\n\n<figure class=\"wp-block-image size-large\"><img loading=\"lazy\" decoding=\"async\" width=\"1024\" height=\"576\" data-id=\"120\" src=\"https:\/\/ruoniai.lt\/wp-content\/uploads\/2024\/07\/DSC_0657-1024x576.jpg\" alt=\"\" class=\"wp-image-120\" srcset=\"https:\/\/ruoniai.lt\/wp-content\/uploads\/2024\/07\/DSC_0657-1024x576.jpg 1024w, https:\/\/ruoniai.lt\/wp-content\/uploads\/2024\/07\/DSC_0657-300x169.jpg 300w, https:\/\/ruoniai.lt\/wp-content\/uploads\/2024\/07\/DSC_0657-768x432.jpg 768w, https:\/\/ruoniai.lt\/wp-content\/uploads\/2024\/07\/DSC_0657-1536x864.jpg 1536w, https:\/\/ruoniai.lt\/wp-content\/uploads\/2024\/07\/DSC_0657-2048x1152.jpg 2048w\" sizes=\"(max-width: 1024px) 100vw, 1024px\" \/><\/figure>\n\n\n\n<figure class=\"wp-block-image size-large\"><img loading=\"lazy\" decoding=\"async\" width=\"576\" height=\"1024\" data-id=\"121\" src=\"https:\/\/ruoniai.lt\/wp-content\/uploads\/2024\/07\/DSC_0735-576x1024.jpg\" alt=\"\" class=\"wp-image-121\" srcset=\"https:\/\/ruoniai.lt\/wp-content\/uploads\/2024\/07\/DSC_0735-576x1024.jpg 576w, https:\/\/ruoniai.lt\/wp-content\/uploads\/2024\/07\/DSC_0735-169x300.jpg 169w, https:\/\/ruoniai.lt\/wp-content\/uploads\/2024\/07\/DSC_0735-768x1365.jpg 768w, https:\/\/ruoniai.lt\/wp-content\/uploads\/2024\/07\/DSC_0735-864x1536.jpg 864w, https:\/\/ruoniai.lt\/wp-content\/uploads\/2024\/07\/DSC_0735-1152x2048.jpg 1152w, https:\/\/ruoniai.lt\/wp-content\/uploads\/2024\/07\/DSC_0735-scaled.jpg 1440w\" sizes=\"(max-width: 576px) 100vw, 576px\" \/><\/figure>\n\n\n\n<figure class=\"wp-block-image size-large\"><img loading=\"lazy\" decoding=\"async\" width=\"1024\" height=\"576\" data-id=\"122\" src=\"https:\/\/ruoniai.lt\/wp-content\/uploads\/2024\/07\/DSC_0774-1024x576.jpg\" alt=\"\" class=\"wp-image-122\" srcset=\"https:\/\/ruoniai.lt\/wp-content\/uploads\/2024\/07\/DSC_0774-1024x576.jpg 1024w, https:\/\/ruoniai.lt\/wp-content\/uploads\/2024\/07\/DSC_0774-300x169.jpg 300w, https:\/\/ruoniai.lt\/wp-content\/uploads\/2024\/07\/DSC_0774-768x432.jpg 768w, https:\/\/ruoniai.lt\/wp-content\/uploads\/2024\/07\/DSC_0774-1536x864.jpg 1536w, https:\/\/ruoniai.lt\/wp-content\/uploads\/2024\/07\/DSC_0774-2048x1152.jpg 2048w\" sizes=\"(max-width: 1024px) 100vw, 1024px\" \/><\/figure>\n\n\n\n<figure class=\"wp-block-image size-large\"><img loading=\"lazy\" decoding=\"async\" width=\"1024\" height=\"576\" data-id=\"123\" src=\"https:\/\/ruoniai.lt\/wp-content\/uploads\/2024\/07\/DSC_0812-1024x576.jpg\" alt=\"\" class=\"wp-image-123\" srcset=\"https:\/\/ruoniai.lt\/wp-content\/uploads\/2024\/07\/DSC_0812-1024x576.jpg 1024w, https:\/\/ruoniai.lt\/wp-content\/uploads\/2024\/07\/DSC_0812-300x169.jpg 300w, https:\/\/ruoniai.lt\/wp-content\/uploads\/2024\/07\/DSC_0812-768x432.jpg 768w, https:\/\/ruoniai.lt\/wp-content\/uploads\/2024\/07\/DSC_0812-1536x864.jpg 1536w, https:\/\/ruoniai.lt\/wp-content\/uploads\/2024\/07\/DSC_0812-2048x1152.jpg 2048w\" sizes=\"(max-width: 1024px) 100vw, 1024px\" \/><\/figure>\n\n\n\n<figure class=\"wp-block-image size-large\"><img loading=\"lazy\" decoding=\"async\" width=\"1024\" height=\"1024\" data-id=\"124\" src=\"https:\/\/ruoniai.lt\/wp-content\/uploads\/2024\/07\/IMG_20190707_164242_043-1024x1024.jpg\" alt=\"\" class=\"wp-image-124\" srcset=\"https:\/\/ruoniai.lt\/wp-content\/uploads\/2024\/07\/IMG_20190707_164242_043-1024x1024.jpg 1024w, https:\/\/ruoniai.lt\/wp-content\/uploads\/2024\/07\/IMG_20190707_164242_043-300x300.jpg 300w, https:\/\/ruoniai.lt\/wp-content\/uploads\/2024\/07\/IMG_20190707_164242_043-150x150.jpg 150w, https:\/\/ruoniai.lt\/wp-content\/uploads\/2024\/07\/IMG_20190707_164242_043-768x768.jpg 768w, https:\/\/ruoniai.lt\/wp-content\/uploads\/2024\/07\/IMG_20190707_164242_043-1536x1536.jpg 1536w, https:\/\/ruoniai.lt\/wp-content\/uploads\/2024\/07\/IMG_20190707_164242_043-2048x2048.jpg 2048w\" sizes=\"(max-width: 1024px) 100vw, 1024px\" \/><\/figure>\n\n\n\n<figure class=\"wp-block-image size-large\"><img decoding=\"async\" data-id=\"125\" src=\"https:\/\/ruoniai.lt\/wp-content\/uploads\/2024\/07\/received_921487781534911-768x1024.jpeg\" alt=\"\" class=\"wp-image-125\"\/><\/figure>\n\n\n\n<figure class=\"wp-block-image size-large\"><img loading=\"lazy\" decoding=\"async\" width=\"576\" height=\"1024\" data-id=\"126\" src=\"https:\/\/ruoniai.lt\/wp-content\/uploads\/2024\/07\/DSC_0003-576x1024.jpg\" alt=\"\" class=\"wp-image-126\" srcset=\"https:\/\/ruoniai.lt\/wp-content\/uploads\/2024\/07\/DSC_0003-576x1024.jpg 576w, https:\/\/ruoniai.lt\/wp-content\/uploads\/2024\/07\/DSC_0003-169x300.jpg 169w, https:\/\/ruoniai.lt\/wp-content\/uploads\/2024\/07\/DSC_0003-768x1365.jpg 768w, https:\/\/ruoniai.lt\/wp-content\/uploads\/2024\/07\/DSC_0003-864x1536.jpg 864w, https:\/\/ruoniai.lt\/wp-content\/uploads\/2024\/07\/DSC_0003-1152x2048.jpg 1152w, https:\/\/ruoniai.lt\/wp-content\/uploads\/2024\/07\/DSC_0003-scaled.jpg 1440w\" sizes=\"(max-width: 576px) 100vw, 576px\" \/><\/figure>\n\n\n\n<figure class=\"wp-block-image size-large\"><img loading=\"lazy\" decoding=\"async\" width=\"1024\" height=\"576\" data-id=\"127\" src=\"https:\/\/ruoniai.lt\/wp-content\/uploads\/2024\/07\/DSC_0017-1024x576.jpg\" alt=\"\" class=\"wp-image-127\" srcset=\"https:\/\/ruoniai.lt\/wp-content\/uploads\/2024\/07\/DSC_0017-1024x576.jpg 1024w, https:\/\/ruoniai.lt\/wp-content\/uploads\/2024\/07\/DSC_0017-300x169.jpg 300w, https:\/\/ruoniai.lt\/wp-content\/uploads\/2024\/07\/DSC_0017-768x432.jpg 768w, https:\/\/ruoniai.lt\/wp-content\/uploads\/2024\/07\/DSC_0017-1536x864.jpg 1536w, https:\/\/ruoniai.lt\/wp-content\/uploads\/2024\/07\/DSC_0017-2048x1152.jpg 2048w\" sizes=\"(max-width: 1024px) 100vw, 1024px\" \/><\/figure>\n\n\n\n<figure class=\"wp-block-image size-large\"><img loading=\"lazy\" decoding=\"async\" width=\"1024\" height=\"576\" data-id=\"128\" src=\"https:\/\/ruoniai.lt\/wp-content\/uploads\/2024\/07\/DSC_0045-1024x576.jpg\" alt=\"\" class=\"wp-image-128\" srcset=\"https:\/\/ruoniai.lt\/wp-content\/uploads\/2024\/07\/DSC_0045-1024x576.jpg 1024w, https:\/\/ruoniai.lt\/wp-content\/uploads\/2024\/07\/DSC_0045-300x169.jpg 300w, https:\/\/ruoniai.lt\/wp-content\/uploads\/2024\/07\/DSC_0045-768x432.jpg 768w, https:\/\/ruoniai.lt\/wp-content\/uploads\/2024\/07\/DSC_0045-1536x864.jpg 1536w, https:\/\/ruoniai.lt\/wp-content\/uploads\/2024\/07\/DSC_0045-2048x1152.jpg 2048w\" sizes=\"(max-width: 1024px) 100vw, 1024px\" \/><\/figure>\n\n\n\n<figure class=\"wp-block-image size-large\"><img loading=\"lazy\" decoding=\"async\" width=\"1024\" height=\"576\" data-id=\"129\" src=\"https:\/\/ruoniai.lt\/wp-content\/uploads\/2024\/07\/DSC_0077-1024x576.jpg\" alt=\"\" class=\"wp-image-129\" srcset=\"https:\/\/ruoniai.lt\/wp-content\/uploads\/2024\/07\/DSC_0077-1024x576.jpg 1024w, https:\/\/ruoniai.lt\/wp-content\/uploads\/2024\/07\/DSC_0077-300x169.jpg 300w, https:\/\/ruoniai.lt\/wp-content\/uploads\/2024\/07\/DSC_0077-768x432.jpg 768w, https:\/\/ruoniai.lt\/wp-content\/uploads\/2024\/07\/DSC_0077-1536x864.jpg 1536w, https:\/\/ruoniai.lt\/wp-content\/uploads\/2024\/07\/DSC_0077-2048x1152.jpg 2048w\" sizes=\"(max-width: 1024px) 100vw, 1024px\" \/><\/figure>\n\n\n\n<figure class=\"wp-block-image size-large\"><img loading=\"lazy\" decoding=\"async\" width=\"1024\" height=\"768\" data-id=\"130\" src=\"https:\/\/ruoniai.lt\/wp-content\/uploads\/2024\/07\/DSC_0137-1024x768.jpg\" alt=\"\" class=\"wp-image-130\" srcset=\"https:\/\/ruoniai.lt\/wp-content\/uploads\/2024\/07\/DSC_0137-1024x768.jpg 1024w, https:\/\/ruoniai.lt\/wp-content\/uploads\/2024\/07\/DSC_0137-300x225.jpg 300w, https:\/\/ruoniai.lt\/wp-content\/uploads\/2024\/07\/DSC_0137-768x576.jpg 768w, https:\/\/ruoniai.lt\/wp-content\/uploads\/2024\/07\/DSC_0137-1536x1152.jpg 1536w, https:\/\/ruoniai.lt\/wp-content\/uploads\/2024\/07\/DSC_0137-2048x1536.jpg 2048w\" sizes=\"(max-width: 1024px) 100vw, 1024px\" \/><\/figure>\n\n\n\n<figure class=\"wp-block-image size-large\"><img loading=\"lazy\" decoding=\"async\" width=\"1024\" height=\"576\" data-id=\"131\" src=\"https:\/\/ruoniai.lt\/wp-content\/uploads\/2024\/07\/DSC_0798-1024x576.jpg\" alt=\"\" class=\"wp-image-131\" srcset=\"https:\/\/ruoniai.lt\/wp-content\/uploads\/2024\/07\/DSC_0798-1024x576.jpg 1024w, https:\/\/ruoniai.lt\/wp-content\/uploads\/2024\/07\/DSC_0798-300x169.jpg 300w, https:\/\/ruoniai.lt\/wp-content\/uploads\/2024\/07\/DSC_0798-768x432.jpg 768w, https:\/\/ruoniai.lt\/wp-content\/uploads\/2024\/07\/DSC_0798-1536x864.jpg 1536w, https:\/\/ruoniai.lt\/wp-content\/uploads\/2024\/07\/DSC_0798-2048x1152.jpg 2048w\" sizes=\"(max-width: 1024px) 100vw, 1024px\" \/><\/figure>\n\n\n\n<figure class=\"wp-block-image size-large\"><img loading=\"lazy\" decoding=\"async\" width=\"1024\" height=\"576\" data-id=\"80\" src=\"https:\/\/ruoniai.lt\/wp-content\/uploads\/2023\/11\/DSC_0799-1024x576.jpg\" alt=\"\" class=\"wp-image-80\" srcset=\"https:\/\/ruoniai.lt\/wp-content\/uploads\/2023\/11\/DSC_0799-1024x576.jpg 1024w, https:\/\/ruoniai.lt\/wp-content\/uploads\/2023\/11\/DSC_0799-300x169.jpg 300w, https:\/\/ruoniai.lt\/wp-content\/uploads\/2023\/11\/DSC_0799-768x432.jpg 768w, https:\/\/ruoniai.lt\/wp-content\/uploads\/2023\/11\/DSC_0799-1536x864.jpg 1536w, https:\/\/ruoniai.lt\/wp-content\/uploads\/2023\/11\/DSC_0799-2048x1152.jpg 2048w\" sizes=\"(max-width: 1024px) 100vw, 1024px\" \/><\/figure>\n\n\n\n<figure class=\"wp-block-image size-large\"><img loading=\"lazy\" decoding=\"async\" width=\"576\" height=\"1024\" data-id=\"77\" src=\"https:\/\/ruoniai.lt\/wp-content\/uploads\/2023\/11\/DSC_0006-576x1024.jpg\" alt=\"\" class=\"wp-image-77\" srcset=\"https:\/\/ruoniai.lt\/wp-content\/uploads\/2023\/11\/DSC_0006-576x1024.jpg 576w, https:\/\/ruoniai.lt\/wp-content\/uploads\/2023\/11\/DSC_0006-169x300.jpg 169w, https:\/\/ruoniai.lt\/wp-content\/uploads\/2023\/11\/DSC_0006-768x1365.jpg 768w, https:\/\/ruoniai.lt\/wp-content\/uploads\/2023\/11\/DSC_0006-864x1536.jpg 864w, https:\/\/ruoniai.lt\/wp-content\/uploads\/2023\/11\/DSC_0006-1152x2048.jpg 1152w, https:\/\/ruoniai.lt\/wp-content\/uploads\/2023\/11\/DSC_0006-scaled.jpg 1440w\" sizes=\"(max-width: 576px) 100vw, 576px\" \/><\/figure>\n\n\n\n<figure class=\"wp-block-image size-large\"><img loading=\"lazy\" decoding=\"async\" width=\"1024\" height=\"576\" data-id=\"78\" src=\"https:\/\/ruoniai.lt\/wp-content\/uploads\/2023\/11\/DSC_0029-1024x576.jpg\" alt=\"\" class=\"wp-image-78\" srcset=\"https:\/\/ruoniai.lt\/wp-content\/uploads\/2023\/11\/DSC_0029-1024x576.jpg 1024w, https:\/\/ruoniai.lt\/wp-content\/uploads\/2023\/11\/DSC_0029-300x169.jpg 300w, https:\/\/ruoniai.lt\/wp-content\/uploads\/2023\/11\/DSC_0029-768x432.jpg 768w, https:\/\/ruoniai.lt\/wp-content\/uploads\/2023\/11\/DSC_0029-1536x864.jpg 1536w, https:\/\/ruoniai.lt\/wp-content\/uploads\/2023\/11\/DSC_0029-2048x1152.jpg 2048w\" sizes=\"(max-width: 1024px) 100vw, 1024px\" \/><\/figure>\n<\/figure>\n","protected":false},"excerpt":{"rendered":"<p>Triatlono ir plaukimo klubas &#8222;Ruoniai&#8221; yra vienas s\u0117kmingiausi\u0173 triatlono sporto klub\u0173 Lietuvoje. Klubas gars\u0117ja puikiais pasiekimais vaik\u0173 &#8211; jaunimo triatlono ir plaukimo srityse, puikia atmosfera bei profesionalumu. Klubo istorija ir vertyb\u0117s Klubas &#8222;Ruoniai&#8221; yra \u017einomas d\u0117l savo sportin\u0117s patirties ir tradicij\u0173 bei nuolatinio tikslo tobul\u0117ti ir siekti sportini\u0173 auk\u0161tum\u0173. \u012ekurtas [&hellip;]<\/p>\n","protected":false},"author":1,"featured_media":125,"parent":0,"menu_order":0,"comment_status":"closed","ping_status":"closed","template":"","meta":{"om_disable_all_campaigns":false,"_monsterinsights_skip_tracking":false,"_monsterinsights_sitenote_active":false,"_monsterinsights_sitenote_note":"","_monsterinsights_sitenote_category":0,"footnotes":""},"aioseo_notices":[],"_links":{"self":[{"href":"https:\/\/ruoniai.lt\/index.php?rest_route=\/wp\/v2\/pages\/117"}],"collection":[{"href":"https:\/\/ruoniai.lt\/index.php?rest_route=\/wp\/v2\/pages"}],"about":[{"href":"https:\/\/ruoniai.lt\/index.php?rest_route=\/wp\/v2\/types\/page"}],"author":[{"embeddable":true,"href":"https:\/\/ruoniai.lt\/index.php?rest_route=\/wp\/v2\/users\/1"}],"replies":[{"embeddable":true,"href":"https:\/\/ruoniai.lt\/index.php?rest_route=%2Fwp%2Fv2%2Fcomments&post=117"}],"version-history":[{"count":3,"href":"https:\/\/ruoniai.lt\/index.php?rest_route=\/wp\/v2\/pages\/117\/revisions"}],"predecessor-version":[{"id":141,"href":"https:\/\/ruoniai.lt\/index.php?rest_route=\/wp\/v2\/pages\/117\/revisions\/141"}],"wp:featuredmedia":[{"embeddable":true,"href":"https:\/\/ruoniai.lt\/index.php?rest_route=\/wp\/v2\/media\/125"}],"wp:attachment":[{"href":"https:\/\/ruoniai.lt\/index.php?rest_route=%2Fwp%2Fv2%2Fmedia&parent=117"}],"curies":[{"name":"wp","href":"https:\/\/api.w.org\/{rel}","templated":true}]}}